{"id":205,"date":"2020-08-19T12:00:05","date_gmt":"2020-08-19T12:00:05","guid":{"rendered":"https:\/\/kristall-klar.ch\/?page_id=205"},"modified":"2021-10-13T11:34:13","modified_gmt":"2021-10-13T09:34:13","slug":"kontakt","status":"publish","type":"page","link":"https:\/\/kristall-klar.ch\/en\/contact\/","title":{"rendered":"Contact"},"content":{"rendered":"<div data-elementor-type=\"wp-page\" data-elementor-id=\"205\" class=\"elementor elementor-205\" data-elementor-post-type=\"page\">\n\t\t\t\t\t\t<section class=\"elementor-section elementor-top-section elementor-element elementor-element-bf6a666 elementor-section-height-min-height elementor-section-boxed elementor-section-height-default elementor-section-items-middle\" data-id=\"bf6a666\" data-element_type=\"section\" data-e-type=\"section\" data-settings=\"{&quot;background_background&quot;:&quot;classic&quot;}\">\n\t\t\t\t\t\t\t<div class=\"elementor-background-overlay\"><\/div>\n\t\t\t\t\t\t\t<div class=\"elementor-container elementor-column-gap-default\">\n\t\t\t\t\t<div class=\"elementor-column elementor-col-100 elementor-top-column elementor-element elementor-element-d742df1\" data-id=\"d742df1\" data-element_type=\"column\" data-e-type=\"column\">\n\t\t\t<div class=\"elementor-widget-wrap elementor-element-populated\">\n\t\t\t\t\t\t<div class=\"elementor-element elementor-element-c878054 elementor-widget elementor-widget-heading\" data-id=\"c878054\" data-element_type=\"widget\" data-e-type=\"widget\" data-widget_type=\"heading.default\">\n\t\t\t\t<div class=\"elementor-widget-container\">\n\t\t\t\t\t<h1 class=\"elementor-heading-title elementor-size-large\">Contact<\/h1>\t\t\t\t<\/div>\n\t\t\t\t<\/div>\n\t\t\t\t\t<\/div>\n\t\t<\/div>\n\t\t\t\t\t<\/div>\n\t\t<\/section>\n\t\t\t\t<section class=\"elementor-section elementor-top-section elementor-element elementor-element-28b014d8 elementor-section-full_width elementor-section-height-default elementor-section-height-default\" data-id=\"28b014d8\" data-element_type=\"section\" data-e-type=\"section\">\n\t\t\t\t\t\t<div class=\"elementor-container elementor-column-gap-no\">\n\t\t\t\t\t<div class=\"elementor-column elementor-col-100 elementor-top-column elementor-element elementor-element-52e45650\" data-id=\"52e45650\" data-element_type=\"column\" data-e-type=\"column\">\n\t\t\t<div class=\"elementor-widget-wrap elementor-element-populated\">\n\t\t\t\t\t\t<div class=\"elementor-element elementor-element-3f7a719e services-intro elementor-widget elementor-widget-page_section\" data-id=\"3f7a719e\" data-element_type=\"widget\" data-e-type=\"widget\" data-widget_type=\"page_section.default\">\n\t\t\t\t<div class=\"elementor-widget-container\">\n\t\t\t\t\t\t\t\t\t\t<div class=\"tt-wrapper05 section-inner03\" style=\"background-image: url('')\">\n\t\t\t\t\t\t<div class=\"container container-fluid-xl\">\n\t\t\t\t\t\t\t<div class=\"row flex-sm-row-reverse\">\n\t\t\t\t\t\t\t\t<div class=\"col-sm-5 col-md-6\">\n\t\t\t\t\t\t\t\t\t<div class=\"extra-right-img\">\n\t\t\t\t\t\t\t\t\t\t<picture>\n\t\t\t\t\t\t\t\t\t\t\t\t\t\t\t\t\t\t\t\t<\/picture>\n\t\t\t\t\t\t\t\t\t<\/div>\n\t\t\t\t\t\t\t\t<\/div>\n\t\t\t\t\t\t\t\t<div class=\"divider d-block d-sm-none\"><\/div>\n\t\t\t\t\t\t\t\t<div class=\"col-sm-7 col-md-6\">\n\t\t\t\t\t\t\t\t\t<div class=\"tt-text-indent-right\">\n\t\t\t\t\t\t\t\t\t\t<div class=\"title-block\">\n\t\t\t\t\t\t\t\t\t\t\t<div class=\"title-block__label\">\n\t\t\t\t\t\t\t\t\t\t\t\t\t\t\t\t\t\t\t\t\t\t<\/div>\n\t\t\t\t\t\t\t\t\t\t\t<!-- Title -->\n\t\t\t\t\t\t\t\t\t\t\t<h2 class=\"title-block__title typo-title-text\"> Need help?  <\/h2>\n\t\t\t\t\t\t\t\t\t\t\t<!-- Title -->\n\t\t\t\t\t\t\t\t\t\t<\/div>\n\t\t\t\t\t\t\t\t\t\t<!-- content -->\n\t\t\t\t\t\t\t\t\t\t<p class=\"typo-content-text\"> Let\u2019s discuss how we can help you create and maintain a clean and healthy environment.\n <\/p>\n\t\t\t\t\t\t\t\t\t\t<!-- content -->\n\t\t\t\t\t\t\t\t\t\t<h4 class=\"tt-subtitle\"><\/h4>\n\t\t\t\t\t\t\t\t\t\t<!-- content two -->\n\t\t\t\t\t\t\t\t\t\t\t\t\t\t\t\t\t\t\t\t<!-- content two -->\n\t\t\t\t\t\t\t\t\t<\/div>\n\t\t\t\t\t\t\t\t<\/div>\n\n\t\t\t\t\t\t\t<\/div>\n\t\t\t\t\t\t<\/div>\n\t\t\t\t\t<\/div>\n\n\t\t\t\t\t\t\t\t\t<\/div>\n\t\t\t\t<\/div>\n\t\t\t\t\t<\/div>\n\t\t<\/div>\n\t\t\t\t\t<\/div>\n\t\t<\/section>\n\t\t\t\t<section class=\"elementor-section elementor-top-section elementor-element elementor-element-21da335 elementor-section-full_width elementor-hidden-phone elementor-section-height-default elementor-section-height-default\" data-id=\"21da335\" data-element_type=\"section\" data-e-type=\"section\">\n\t\t\t\t\t\t<div class=\"elementor-container elementor-column-gap-no\">\n\t\t\t\t\t<div class=\"elementor-column elementor-col-100 elementor-top-column elementor-element elementor-element-5fd6213\" data-id=\"5fd6213\" data-element_type=\"column\" data-e-type=\"column\">\n\t\t\t<div class=\"elementor-widget-wrap elementor-element-populated\">\n\t\t\t\t\t\t<section class=\"elementor-section elementor-inner-section elementor-element elementor-element-9daeffe elementor-section-full_width elementor-section-height-default elementor-section-height-default\" data-id=\"9daeffe\" data-element_type=\"section\" data-e-type=\"section\">\n\t\t\t\t\t\t<div class=\"elementor-container elementor-column-gap-no\">\n\t\t\t\t\t<div class=\"elementor-column elementor-col-100 elementor-inner-column elementor-element elementor-element-262d596\" data-id=\"262d596\" data-element_type=\"column\" data-e-type=\"column\">\n\t\t\t<div class=\"elementor-widget-wrap elementor-element-populated\">\n\t\t\t\t\t\t<div class=\"elementor-element elementor-element-1d64d86 elementor-widget elementor-widget-google_maps\" data-id=\"1d64d86\" data-element_type=\"widget\" data-e-type=\"widget\" data-widget_type=\"google_maps.default\">\n\t\t\t\t<div class=\"elementor-widget-container\">\n\t\t\t\t\t\t\t<div class=\"elementor-custom-embed\">\n\t\t\t<iframe loading=\"lazy\"\n\t\t\t\t\tsrc=\"https:\/\/maps.google.com\/maps?q=Kristall-Klar%20GmbH%20Churerstrasse%20160b%208808%20Pf%C3%A4ffikon%20SZ&#038;t=m&#038;z=16&#038;output=embed&#038;iwloc=near\"\n\t\t\t\t\ttitle=\"Kristall-Klar GmbH Churerstrasse 160b 8808 Pf\u00e4ffikon SZ\"\n\t\t\t\t\taria-label=\"Kristall-Klar GmbH Churerstrasse 160b 8808 Pf\u00e4ffikon SZ\"\n\t\t\t><\/iframe>\n\t\t<\/div>\n\t\t\t\t\t\t<\/div>\n\t\t\t\t<\/div>\n\t\t\t\t\t<\/div>\n\t\t<\/div>\n\t\t\t\t\t<\/div>\n\t\t<\/section>\n\t\t\t\t\t<\/div>\n\t\t<\/div>\n\t\t\t\t\t<\/div>\n\t\t<\/section>\n\t\t\t\t<section class=\"elementor-section elementor-top-section elementor-element elementor-element-a42dcdd elementor-section-full_width elementor-section-height-default elementor-section-height-default\" data-id=\"a42dcdd\" data-element_type=\"section\" data-e-type=\"section\">\n\t\t\t\t\t\t<div class=\"elementor-container elementor-column-gap-no\">\n\t\t\t\t\t<div class=\"elementor-column elementor-col-100 elementor-top-column elementor-element elementor-element-fb9cf00\" data-id=\"fb9cf00\" data-element_type=\"column\" data-e-type=\"column\">\n\t\t\t<div class=\"elementor-widget-wrap elementor-element-populated\">\n\t\t\t\t\t\t<div class=\"elementor-element elementor-element-32d4ebb elementor-widget elementor-widget-contacts_info\" data-id=\"32d4ebb\" data-element_type=\"widget\" data-e-type=\"widget\" id=\"contact\" data-widget_type=\"contacts_info.default\">\n\t\t\t\t<div class=\"elementor-widget-container\">\n\t\t\t\t\t\t\t\n\t\t\n\t\t<!-- Contact Info -->\n\t\t\t\t<div class=\"section-wrapper tt-wrapper06\" style=\"background-image: url('');\">\n\t\t\t<div class=\"section-indent-extra03\">\n\t\t\t\t<div class=\"container container-fluid-xl\">\n\t\t\t\t\t<div class=\"row box-contact__wrapper\">\n\t\t\t\t\t\t\t\t\t\t<div class=\"col-sm-6 col-md-3\">\n\t\t\t\t\t\t\t<div class=\"box-contact\">\n\t\t\t\t\t\t\t<i class=\"box-contact__icon  icon-70562\"><\/i>\n\t\t\t\t\t\t\t\t<h6 class=\"box-contact__title\">E-mail<\/h6>\n\t\t\t\t\t\t\t\t<address>\n\t\t\t\t\t\t\t\t\t\t\t\t\t\t\t\t\t\t<a href=\"mailto:info@kristall-klar.ch\" class=\"btn btn-long no-hover\" target=\"_blank\" rel=\"nofollow\">info@kristall-klar.ch\n<br><br><br>\n<\/a>\n\t\t\t\t\t\t\t\t\t\t\t\t\t\t\t\t\t<\/address>\n\t\t\t\t\t\t\t<\/div>\n\t\t\t\t\t\t<\/div>\n\t\t\t\t\t\t\t\t\t\t\t\t<div class=\"col-sm-6 col-md-3\">\n\t\t\t\t\t\t\t<div class=\"box-contact\">\n\t\t\t\t\t\t\t<i class=\"box-contact__icon  icon-1124618\"><\/i>\n\t\t\t\t\t\t\t\t<h6 class=\"box-contact__title\">Address<\/h6>\n\t\t\t\t\t\t\t\t<address>\n\t\t\t\t\t\t\t\t\t\t\t\t\t\t\t\t\t\tKristall-Klar GmbH<br>\nChurerstrasse 160b <br>\n8808 Pf\u00e4ffikon SZ\t\t\t\t\t\t\t\t\t\t\t\t\t\t\t\t\t<\/address>\n\t\t\t\t\t\t\t<\/div>\n\t\t\t\t\t\t<\/div>\n\t\t\t\t\t\t\t\t\t\t\t\t<div class=\"col-sm-6 col-md-3\">\n\t\t\t\t\t\t\t<div class=\"box-contact\">\n\t\t\t\t\t\t\t<i class=\"box-contact__icon  icon-1124618\"><\/i>\n\t\t\t\t\t\t\t\t<h6 class=\"box-contact__title\">Address<\/h6>\n\t\t\t\t\t\t\t\t<address>\n\t\t\t\t\t\t\t\t\t\t\t\t\t\t\t\t\t\tKristall-Klar GmbH <br>\nLidostrasse 15 <br>\n6314 Unter\u00e4geri\t\t\t\t\t\t\t\t\t\t\t\t\t\t\t\t\t<\/address>\n\t\t\t\t\t\t\t<\/div>\n\t\t\t\t\t\t<\/div>\n\t\t\t\t\t\t\t\t\t\t\t\t<div class=\"col-sm-6 col-md-3\">\n\t\t\t\t\t\t\t<div class=\"box-contact\">\n\t\t\t\t\t\t\t<i class=\"box-contact__icon  icon-1034182\"><\/i>\n\t\t\t\t\t\t\t\t<h6 class=\"box-contact__title\">Contact Phone<\/h6>\n\t\t\t\t\t\t\t\t<address>\n\t\t\t\t\t\t\t\t\t\t\t\t\t\t\t\t\t\t055 415 44 44\n(Pf\u00e4ffikon)\n<br>\n041 710 00 78 \n(Zug \u00c4geri)\n<br><br>\t\t\t\t\t\t\t\t\t\t\t\t\t\t\t\t\t<\/address>\n\t\t\t\t\t\t\t<\/div>\n\t\t\t\t\t\t<\/div>\n\t\t\t\t\t\t\t\t\t\t\t<\/div>\n\t\t\t\t<\/div>\n\t\t\t<\/div>\n\t\t\t\t\t\t\t<!-- Contact Form -->\n\t\t\t<div class=\"section-indent\">\n\t\t\t\t<div class=\"container container-fluid-xl\">\n\t\t\t\t\t<div class=\"title-block text-center\">\n\t\t\t\t\t\t<!-- Title -->\n\t\t\t\t\t\t<h3 class=\"title-block__title typo-title-text\"> Get In Touch. We're Here To Help. <\/h3>\n\t\t\t\t\t\t<!-- Title -->\n\t\t\t\t\t\t<!-- content -->\n\t\t\t\t\t\t\t\t\t\t\t<div class=\"typo-content-text title-block__text tt-width-large\"> Let\u2019s discuss how we can help you create and maintain a clean and healthy environment <\/div>\n\t\t\t\t\t\t\t\t\t\t\t\t<!-- content -->\n\t\t\t\t\t<\/div>\n\t\t\t\t\t\n\t\t\t\t\t\t\t\t\t\t\t<div class=\"row justify-content-md-center\">\n\t\t\t\t\t\t\t<div class=\"col-md-9 col-lg-8\">\n\t\t\t\t\t\t\t\n<div class=\"wpcf7 no-js\" id=\"wpcf7-f127-o1\" lang=\"en-US\" dir=\"ltr\" data-wpcf7-id=\"127\">\n<div class=\"screen-reader-response\"><p role=\"status\" aria-live=\"polite\" aria-atomic=\"true\"><\/p> <ul><\/ul><\/div>\n<form action=\"\/en\/wp-json\/wp\/v2\/pages\/205#wpcf7-f127-o1\" method=\"post\" class=\"wpcf7-form init\" aria-label=\"Contact form\" novalidate=\"novalidate\" data-status=\"init\" data-trp-original-action=\"\/en\/wp-json\/wp\/v2\/pages\/205#wpcf7-f127-o1\">\n<fieldset class=\"hidden-fields-container\"><input type=\"hidden\" name=\"_wpcf7\" value=\"127\" \/><input type=\"hidden\" name=\"_wpcf7_version\" value=\"6.1.5\" \/><input type=\"hidden\" name=\"_wpcf7_locale\" value=\"en_US\" \/><input type=\"hidden\" name=\"_wpcf7_unit_tag\" value=\"wpcf7-f127-o1\" \/><input type=\"hidden\" name=\"_wpcf7_container_post\" value=\"0\" \/><input type=\"hidden\" name=\"_wpcf7_posted_data_hash\" value=\"\" \/><input type=\"hidden\" name=\"_wpcf7_recaptcha_response\" value=\"\" \/>\n<\/fieldset>\n<div class=\"form-default text-center\">\n\t<div class=\"form-group\">\n\t\t<p><span class=\"wpcf7-form-control-wrap\" data-name=\"your-name\"><input size=\"40\" maxlength=\"400\" class=\"wpcf7-form-control wpcf7-text wpcf7-validates-as-required form-control\" aria-required=\"true\" aria-invalid=\"false\" placeholder=\"Your Name\" value=\"\" type=\"text\" name=\"your-name\" \/><\/span>\n\t\t<\/p>\n\t<\/div>\n\t<div class=\"row\">\n\t\t<div class=\"col-md-6\">\n\t\t\t<div class=\"form-group\">\n\t\t\t\t<p><span class=\"wpcf7-form-control-wrap\" data-name=\"your-email\"><input size=\"40\" maxlength=\"400\" class=\"wpcf7-form-control wpcf7-email wpcf7-validates-as-required wpcf7-text wpcf7-validates-as-email form-control\" aria-required=\"true\" aria-invalid=\"false\" placeholder=\"E-mail\" value=\"\" type=\"email\" name=\"your-email\" \/><\/span>\n\t\t\t\t<\/p>\n\t\t\t<\/div>\n\t\t<\/div>\n\t\t<div class=\"col-md-6\">\n\t\t\t<div class=\"form-group\">\n\t\t\t\t<p><span class=\"wpcf7-form-control-wrap\" data-name=\"your-phone\"><input size=\"40\" maxlength=\"400\" class=\"wpcf7-form-control wpcf7-text wpcf7-validates-as-required form-control\" aria-required=\"true\" aria-invalid=\"false\" placeholder=\"Phone\" value=\"\" type=\"text\" name=\"your-phone\" \/><\/span>\n\t\t\t\t<\/p>\n\t\t\t<\/div>\n\t\t<\/div>\n\t<\/div>\n\t<div class=\"form-group\">\n\t\t<p><span class=\"wpcf7-form-control-wrap\" data-name=\"your-address\"><input size=\"40\" maxlength=\"400\" class=\"wpcf7-form-control wpcf7-text wpcf7-validates-as-required form-control\" aria-required=\"true\" aria-invalid=\"false\" placeholder=\"Address\" value=\"\" type=\"text\" name=\"your-address\" \/><\/span>\n\t\t<\/p>\n\t<\/div>\n\t<div class=\"form-group\">\n\t\t<p><span class=\"wpcf7-form-control-wrap\" data-name=\"your-message\"><textarea cols=\"40\" rows=\"10\" maxlength=\"2000\" class=\"wpcf7-form-control wpcf7-textarea wpcf7-validates-as-required form-control\" aria-required=\"true\" aria-invalid=\"false\" placeholder=\"Your message\" name=\"your-message\"><\/textarea><\/span>\n\t\t<\/p>\n\t<\/div>\n\t<div>\n\t\t<p><button type=\"submit\" class=\"wpcf7-form-control wpcf7-submit tt-btn btn__color01\">SENDEN <span class=\"icon-271228\"><\/span><\/button>\n\t\t<\/p>\n\t<\/div>\n<\/div><div class=\"wpcf7-response-output\" aria-hidden=\"true\"><\/div>\n<input type=\"hidden\" name=\"trp-form-language\" value=\"en\"\/><\/form>\n<\/div>\n\t\t\t\t\t\t\t<\/div>\n\t\t\t\t\t\t<\/div>\n\t\t\t\t\t\t\t\t\t\t\t\t\n\t\t\t\t<\/div>\n\t\t\t<\/div>\n\t\t\t<!-- Contact Form -->\n\t\t\t\t\t<\/div>\t\t\n\t\t\t\t\t\t\t\t\t<\/div>\n\t\t\t\t<\/div>\n\t\t\t\t\t<\/div>\n\t\t<\/div>\n\t\t\t\t\t<\/div>\n\t\t<\/section>\n\t\t\t\t<section class=\"elementor-section elementor-top-section elementor-element elementor-element-db8c818 elementor-section-full_width elementor-hidden-desktop elementor-hidden-tablet elementor-section-height-default elementor-section-height-default\" data-id=\"db8c818\" data-element_type=\"section\" data-e-type=\"section\">\n\t\t\t\t\t\t<div class=\"elementor-container elementor-column-gap-no\">\n\t\t\t\t\t<div class=\"elementor-column elementor-col-100 elementor-top-column elementor-element elementor-element-7614737\" data-id=\"7614737\" data-element_type=\"column\" data-e-type=\"column\">\n\t\t\t<div class=\"elementor-widget-wrap elementor-element-populated\">\n\t\t\t\t\t\t<section class=\"elementor-section elementor-inner-section elementor-element elementor-element-328a7d3 elementor-section-full_width elementor-section-height-default elementor-section-height-default\" data-id=\"328a7d3\" data-element_type=\"section\" data-e-type=\"section\">\n\t\t\t\t\t\t<div class=\"elementor-container elementor-column-gap-no\">\n\t\t\t\t\t<div class=\"elementor-column elementor-col-100 elementor-inner-column elementor-element elementor-element-f491e56\" data-id=\"f491e56\" data-element_type=\"column\" data-e-type=\"column\">\n\t\t\t<div class=\"elementor-widget-wrap elementor-element-populated\">\n\t\t\t\t\t\t<div class=\"elementor-element elementor-element-c0100c0 elementor-widget elementor-widget-google_maps\" data-id=\"c0100c0\" data-element_type=\"widget\" data-e-type=\"widget\" data-widget_type=\"google_maps.default\">\n\t\t\t\t<div class=\"elementor-widget-container\">\n\t\t\t\t\t\t\t<div class=\"elementor-custom-embed\">\n\t\t\t<iframe loading=\"lazy\"\n\t\t\t\t\tsrc=\"https:\/\/maps.google.com\/maps?q=Kristall-Klar%20GmbH%20Churerstrasse%20160b%208808%20Pf%C3%A4ffikon%20SZ&#038;t=m&#038;z=16&#038;output=embed&#038;iwloc=near\"\n\t\t\t\t\ttitle=\"Kristall-Klar GmbH Churerstrasse 160b 8808 Pf\u00e4ffikon SZ\"\n\t\t\t\t\taria-label=\"Kristall-Klar GmbH Churerstrasse 160b 8808 Pf\u00e4ffikon SZ\"\n\t\t\t><\/iframe>\n\t\t<\/div>\n\t\t\t\t\t\t<\/div>\n\t\t\t\t<\/div>\n\t\t\t\t\t<\/div>\n\t\t<\/div>\n\t\t\t\t\t<\/div>\n\t\t<\/section>\n\t\t\t\t\t<\/div>\n\t\t<\/div>\n\t\t\t\t\t<\/div>\n\t\t<\/section>\n\t\t\t\t<\/div>","protected":false},"excerpt":{"rendered":"<p>Brauchen Sie Unterst\u00fctzung? Kontaktieren Sie uns um herauszufinden, wie wir Ihnen helfen k\u00f6nnen, ein sauberes und gesundes Umfeld zu erhalten. E-Mail Adresse info@kristall-klar.ch Adresse Kristall-Klar GmbH Churerstrasse 160b 8808 Pf\u00e4ffikon SZ Adresse Kristall-Klar GmbH Lidostrasse 15 6314 Unter\u00e4geri Kontakt Telefon 055 415 44 44 (Pf\u00e4ffikon) 041 710 00 78 (Zug \u00c4geri) Kontaktieren Sie uns. Wir [&hellip;]<\/p>\n","protected":false},"author":10,"featured_media":0,"parent":0,"menu_order":0,"comment_status":"closed","ping_status":"closed","template":"elementor_header_footer","meta":{"footnotes":""},"class_list":["post-205","page","type-page","status-publish","hentry"],"yoast_head":"<!-- This site is optimized with the Yoast SEO plugin v27.4 - https:\/\/yoast.com\/product\/yoast-seo-wordpress\/ -->\n<title>Kristall-Klar Pf\u00e4ffikon und Zug | Kontakt<\/title>\n<meta name=\"description\" content=\"Kristall-Klar Ihr Reinigungsspezialist. Kontaktieren Sie unser B\u00fcro in Pf\u00e4ffikon oder Zug f\u00fcr eine kostenlose Beratung.\" \/>\n<meta name=\"robots\" content=\"index, follow, max-snippet:-1, max-image-preview:large, max-video-preview:-1\" \/>\n<link rel=\"canonical\" href=\"https:\/\/kristall-klar.ch\/en\/contact\/\" \/>\n<meta property=\"og:locale\" content=\"en_GB\" \/>\n<meta property=\"og:type\" content=\"article\" \/>\n<meta property=\"og:title\" content=\"Kristall-Klar Pf\u00e4ffikon und Zug | Kontakt\" \/>\n<meta property=\"og:description\" content=\"Kristall-Klar Ihr Reinigungsspezialist. Kontaktieren Sie unser B\u00fcro in Pf\u00e4ffikon oder Zug f\u00fcr eine kostenlose Beratung.\" \/>\n<meta property=\"og:url\" content=\"https:\/\/kristall-klar.ch\/en\/contact\/\" \/>\n<meta property=\"og:site_name\" content=\"Kristall-Klar GmbH | Reinigungsfirma in Z\u00fcrich\" \/>\n<meta property=\"article:modified_time\" content=\"2021-10-13T09:34:13+00:00\" \/>\n<meta name=\"twitter:card\" content=\"summary_large_image\" \/>\n<meta name=\"twitter:label1\" content=\"Estimated reading time\" \/>\n\t<meta name=\"twitter:data1\" content=\"1 minute\" \/>\n<script type=\"application\/ld+json\" class=\"yoast-schema-graph\">{\"@context\":\"https:\\\/\\\/schema.org\",\"@graph\":[{\"@type\":\"WebPage\",\"@id\":\"https:\\\/\\\/kristall-klar.ch\\\/kontakt\\\/\",\"url\":\"https:\\\/\\\/kristall-klar.ch\\\/kontakt\\\/\",\"name\":\"Kristall-Klar Pf\u00e4ffikon und Zug | Kontakt\",\"isPartOf\":{\"@id\":\"https:\\\/\\\/kristall-klar.ch\\\/#website\"},\"datePublished\":\"2020-08-19T12:00:05+00:00\",\"dateModified\":\"2021-10-13T09:34:13+00:00\",\"description\":\"Kristall-Klar Ihr Reinigungsspezialist. Kontaktieren Sie unser B\u00fcro in Pf\u00e4ffikon oder Zug f\u00fcr eine kostenlose Beratung.\",\"breadcrumb\":{\"@id\":\"https:\\\/\\\/kristall-klar.ch\\\/kontakt\\\/#breadcrumb\"},\"inLanguage\":\"en-GB\",\"potentialAction\":[{\"@type\":\"ReadAction\",\"target\":[\"https:\\\/\\\/kristall-klar.ch\\\/kontakt\\\/\"]}]},{\"@type\":\"BreadcrumbList\",\"@id\":\"https:\\\/\\\/kristall-klar.ch\\\/kontakt\\\/#breadcrumb\",\"itemListElement\":[{\"@type\":\"ListItem\",\"position\":1,\"name\":\"Home\",\"item\":\"https:\\\/\\\/kristall-klar.ch\\\/\"},{\"@type\":\"ListItem\",\"position\":2,\"name\":\"Kontakt\"}]},{\"@type\":\"WebSite\",\"@id\":\"https:\\\/\\\/kristall-klar.ch\\\/#website\",\"url\":\"https:\\\/\\\/kristall-klar.ch\\\/\",\"name\":\"Kristall-Klar GmbH | Reinigungsfirma in Z\u00fcrich\",\"description\":\"Kristall-Klar ist Ihre vertrauensw\u00fcrdige Z\u00fcrcher Reinigungsfirma f\u00fcr alle Ihre Reinigungsbed\u00fcrfnisse seit 2009. Lassen Sie sich kostenlos beraten.\",\"publisher\":{\"@id\":\"https:\\\/\\\/kristall-klar.ch\\\/#organization\"},\"potentialAction\":[{\"@type\":\"SearchAction\",\"target\":{\"@type\":\"EntryPoint\",\"urlTemplate\":\"https:\\\/\\\/kristall-klar.ch\\\/?s={search_term_string}\"},\"query-input\":{\"@type\":\"PropertyValueSpecification\",\"valueRequired\":true,\"valueName\":\"search_term_string\"}}],\"inLanguage\":\"en-GB\"},{\"@type\":\"Organization\",\"@id\":\"https:\\\/\\\/kristall-klar.ch\\\/#organization\",\"name\":\"Kristall-Klar GmbH | Reinigungsfirma in Z\u00fcrich\",\"url\":\"https:\\\/\\\/kristall-klar.ch\\\/\",\"logo\":{\"@type\":\"ImageObject\",\"inLanguage\":\"en-GB\",\"@id\":\"https:\\\/\\\/kristall-klar.ch\\\/#\\\/schema\\\/logo\\\/image\\\/\",\"url\":\"https:\\\/\\\/kristall-klar.ch\\\/wp-content\\\/uploads\\\/2021\\\/02\\\/cropped-kristalll-klar-logo-mit-frau-rechts.png\",\"contentUrl\":\"https:\\\/\\\/kristall-klar.ch\\\/wp-content\\\/uploads\\\/2021\\\/02\\\/cropped-kristalll-klar-logo-mit-frau-rechts.png\",\"width\":1023,\"height\":245,\"caption\":\"Kristall-Klar GmbH | Reinigungsfirma in Z\u00fcrich\"},\"image\":{\"@id\":\"https:\\\/\\\/kristall-klar.ch\\\/#\\\/schema\\\/logo\\\/image\\\/\"}}]}<\/script>\n<!-- \/ Yoast SEO plugin. -->","yoast_head_json":{"title":"Kristall-Klar Pf\u00e4ffikon und Zug | Kontakt","description":"Kristall-Klar your cleaning specialist. Contact our office in Pf\u00e4ffikon or Zug for a free consultation.","robots":{"index":"index","follow":"follow","max-snippet":"max-snippet:-1","max-image-preview":"max-image-preview:large","max-video-preview":"max-video-preview:-1"},"canonical":"https:\/\/kristall-klar.ch\/en\/contact\/","og_locale":"en_GB","og_type":"article","og_title":"Kristall-Klar Pf\u00e4ffikon und Zug | Kontakt","og_description":"Kristall-Klar Ihr Reinigungsspezialist. Kontaktieren Sie unser B\u00fcro in Pf\u00e4ffikon oder Zug f\u00fcr eine kostenlose Beratung.","og_url":"https:\/\/kristall-klar.ch\/en\/contact\/","og_site_name":"Kristall-Klar GmbH | Reinigungsfirma in Z\u00fcrich","article_modified_time":"2021-10-13T09:34:13+00:00","twitter_card":"summary_large_image","twitter_misc":{"Estimated reading time":"1 minute"},"schema":{"@context":"https:\/\/schema.org","@graph":[{"@type":"WebPage","@id":"https:\/\/kristall-klar.ch\/kontakt\/","url":"https:\/\/kristall-klar.ch\/kontakt\/","name":"Kristall-Klar Pf\u00e4ffikon und Zug | Kontakt","isPartOf":{"@id":"https:\/\/kristall-klar.ch\/#website"},"datePublished":"2020-08-19T12:00:05+00:00","dateModified":"2021-10-13T09:34:13+00:00","description":"Kristall-Klar your cleaning specialist. Contact our office in Pf\u00e4ffikon or Zug for a free consultation.","breadcrumb":{"@id":"https:\/\/kristall-klar.ch\/kontakt\/#breadcrumb"},"inLanguage":"en-GB","potentialAction":[{"@type":"ReadAction","target":["https:\/\/kristall-klar.ch\/kontakt\/"]}]},{"@type":"BreadcrumbList","@id":"https:\/\/kristall-klar.ch\/kontakt\/#breadcrumb","itemListElement":[{"@type":"ListItem","position":1,"name":"Home","item":"https:\/\/kristall-klar.ch\/"},{"@type":"ListItem","position":2,"name":"Kontakt"}]},{"@type":"WebSite","@id":"https:\/\/kristall-klar.ch\/#website","url":"https:\/\/kristall-klar.ch\/","name":"Kristall-Klar GmbH | Cleaning services in Zurich","description":"Kristall-Klar is your trusted Zurich cleaning company for all your cleaning services since 2009.","publisher":{"@id":"https:\/\/kristall-klar.ch\/#organization"},"potentialAction":[{"@type":"SearchAction","target":{"@type":"EntryPoint","urlTemplate":"https:\/\/kristall-klar.ch\/?s={search_term_string}"},"query-input":{"@type":"PropertyValueSpecification","valueRequired":true,"valueName":"search_term_string"}}],"inLanguage":"en-GB"},{"@type":"Organization","@id":"https:\/\/kristall-klar.ch\/#organization","name":"Kristall-Klar GmbH | Cleaning services in Zurich","url":"https:\/\/kristall-klar.ch\/","logo":{"@type":"ImageObject","inLanguage":"en-GB","@id":"https:\/\/kristall-klar.ch\/#\/schema\/logo\/image\/","url":"https:\/\/kristall-klar.ch\/wp-content\/uploads\/2021\/02\/cropped-kristalll-klar-logo-mit-frau-rechts.png","contentUrl":"https:\/\/kristall-klar.ch\/wp-content\/uploads\/2021\/02\/cropped-kristalll-klar-logo-mit-frau-rechts.png","width":1023,"height":245,"caption":"Kristall-Klar GmbH | Reinigungsfirma in Z\u00fcrich"},"image":{"@id":"https:\/\/kristall-klar.ch\/#\/schema\/logo\/image\/"}}]}},"_links":{"self":[{"href":"https:\/\/kristall-klar.ch\/en\/wp-json\/wp\/v2\/pages\/205","targetHints":{"allow":["GET"]}}],"collection":[{"href":"https:\/\/kristall-klar.ch\/en\/wp-json\/wp\/v2\/pages"}],"about":[{"href":"https:\/\/kristall-klar.ch\/en\/wp-json\/wp\/v2\/types\/page"}],"author":[{"embeddable":true,"href":"https:\/\/kristall-klar.ch\/en\/wp-json\/wp\/v2\/users\/10"}],"replies":[{"embeddable":true,"href":"https:\/\/kristall-klar.ch\/en\/wp-json\/wp\/v2\/comments?post=205"}],"version-history":[{"count":1,"href":"https:\/\/kristall-klar.ch\/en\/wp-json\/wp\/v2\/pages\/205\/revisions"}],"predecessor-version":[{"id":11166,"href":"https:\/\/kristall-klar.ch\/en\/wp-json\/wp\/v2\/pages\/205\/revisions\/11166"}],"wp:attachment":[{"href":"https:\/\/kristall-klar.ch\/en\/wp-json\/wp\/v2\/media?parent=205"}],"curies":[{"name":"wp","href":"https:\/\/api.w.org\/{rel}","templated":true}]}}